{"id":3617,"date":"2016-10-27T20:40:49","date_gmt":"2016-10-27T19:40:49","guid":{"rendered":"http:\/\/www.mv-dk.net\/wo\/?page_id=3617"},"modified":"2018-05-17T12:04:26","modified_gmt":"2018-05-17T11:04:26","slug":"jugend-und-nachwuchs","status":"publish","type":"page","link":"http:\/\/www.mv-dk.net\/wo\/jugend-und-nachwuchs","title":{"rendered":"Jugend &#038; Nachwuchs"},"content":{"rendered":"<p><img loading=\"lazy\" decoding=\"async\" class=\"aligncenter  wp-image-4168\" src=\"http:\/\/www.mv-dk.net\/wo\/wp-content\/uploads\/2018\/02\/0C62E3B1-E0DF-47D3-8B0C-E256CA5F26A8-212x300.jpeg\" alt=\"\" width=\"401\" height=\"567\" srcset=\"http:\/\/www.mv-dk.net\/wo\/wp-content\/uploads\/2018\/02\/0C62E3B1-E0DF-47D3-8B0C-E256CA5F26A8-212x300.jpeg 212w, http:\/\/www.mv-dk.net\/wo\/wp-content\/uploads\/2018\/02\/0C62E3B1-E0DF-47D3-8B0C-E256CA5F26A8-768x1085.jpeg 768w, http:\/\/www.mv-dk.net\/wo\/wp-content\/uploads\/2018\/02\/0C62E3B1-E0DF-47D3-8B0C-E256CA5F26A8-725x1024.jpeg 725w, http:\/\/www.mv-dk.net\/wo\/wp-content\/uploads\/2018\/02\/0C62E3B1-E0DF-47D3-8B0C-E256CA5F26A8.jpeg 1241w\" sizes=\"auto, (max-width: 401px) 100vw, 401px\" \/><\/p>\n<p>Der Musikverein vermittelt Kultur, Werte, Best\u00e4ndigkeit und Freundschaft in unserer Gemeinde.\u00a0Musik verbindet bekanntlich Generationen, f\u00f6rdert Denken, Teamgeist und handeln und schafft ein vertrautes Umfeld. Ein Hobby das vielz\u00e4hlig f\u00f6rdert aber nicht \u00fcberfordert.<\/p>\n<p>Gemeinsam statt Einsam &#8211; gemeinsame Proben und Auftritten unter Gleichgesinnten schaffen Freundschaften,Vertrautheit und Abwechslung zum stressigen Alltag.<\/p>\n<p>Ein Verein braucht allerdings stets Nachwuchs um weiter bestehen zu k\u00f6nnen und daher ist die Nachwuchsf\u00f6rderung auch uns ein gro\u00dfes Anliegen.<\/p>\n<p>&nbsp;<\/p>\n<p>Falls auch Ihr Kind oder Sie die Liebe zur Musik gefunden haben und ein Instrument erlernen bzw. vertiefen wollen gibt es viele M\u00f6glichkeiten. Durch die Wahl von Blasmusikinstrumenten ergibt sich die M\u00f6glichkeit der Mitgliedschaft im Musikverein und unz\u00e4hlige soziale und motorische Vorteile.<\/p>\n<p>&nbsp;<\/p>\n<p><span style=\"text-decoration: underline;\">Lernwillige Kinder, Jugendliche und Erwachsene<\/span><\/p>\n<p>Immer wieder gerne sind wir f\u00fcr die Kinder und Jugendlichen in unserer Gemeinde \u00a0da um gemeinsam zu basteln, spielen und musizieren &#8211; Instrumentenvorstellungen und Ferienpass sind fixe Aktivit\u00e4ten unseres Vereines. Wir wollen dadurch den Zugang zur Musik erleichtern und uns als diesbez\u00fcgliche Ansprechpersonen bereitstellen.<\/p>\n<p>Wenn ein Kind &#8211; oder nat\u00fcrlich auch ein Erwachsener &#8211; Interesse an einem Instrument hat\u00a0steht die\u00a0Zentralmusikschule JE in ihrer Niederlassung im Gemeindezentrum Deutsch Kaltenbrunn gerne f\u00fcr das Erlernen des Instrumentes zur Verf\u00fcgung und einem tollen Hobby sind T\u00fcren und Tore ge\u00f6ffnet.<\/p>\n<p>Falls Ihnen oder Ihrem Kind die Wahl des richtigen Instrumentes nicht leicht f\u00e4llt k\u00f6nnen Sie gerne in Kontakt zu uns treten und im Zuge von Proben oder separat die einzelnen Instrumente begutachten und probieren oder das Instrumentenkarusell der Musikschule nutzen.<\/p>\n<p>Blasmusikinstrumente k\u00f6nnen &#8211; sofern verf\u00fcgbar &#8211; beim Musikverein f\u00fcr die Zeit der Musikschulausbildung und die nachfolgende aktive Zeit im Verein kostenfrei ausgeliehen werden um Ihnen die Ausgaben f\u00fcr die Musikschulausbildung etc. etwas zu erleichtern.<\/p>\n<p>&nbsp;<\/p>\n<p><u>Wiedereinsteiger<\/u><\/p>\n<p>Aber damit wollen wir nicht nur Kinder ansprechen, sondern auch diejenigen die dieses Hobby bereits vor Jahren entdeckt bzw. erlernt haben und aufgrund unterschiedlicher Umst\u00e4nde nicht mehr aktiv sind. Was man einmal erlernt hat vergisst man nicht so schnell &#8211; einige Proben (mit einem Musiker oder Musiklehrer) und bald ist man wieder sattelfest dabei. Dann steht dem Wiedereintritt in den Musikverein nichts mehr im Wege &#8211;\u00a0es ist nie zu sp\u00e4t f\u00fcr Dinge die einen Spa\u00df machen!<\/p>\n<p>&nbsp;<\/p>\n<p>&nbsp;<\/p>\n<p>F\u00fcr Fragen bzw. Anfragen stehen wir Ihnen gerne zur Verf\u00fcgung (siehe Kontakt).<\/p>\n<p>&nbsp;<\/p>\n","protected":false},"excerpt":{"rendered":"<p>Der Musikverein vermittelt Kultur, Werte, Best\u00e4ndigkeit und Freundschaft in unserer Gemeinde.\u00a0Musik verbindet bekanntlich Generationen, f\u00f6rdert Denken, Teamgeist und handeln und schafft ein vertrautes Umfeld. Ein Hobby das vielz\u00e4hlig f\u00f6rdert aber nicht \u00fcberfordert. Gemeinsam statt Einsam &#8211; gemeinsame Proben und Auftritten unter Gleichgesinnten schaffen Freundschaften,Vertrautheit und Abwechslung zum stressigen Alltag. Ein Verein braucht allerdings stets Nachwuchs [&hellip;]<\/p>\n","protected":false},"author":7,"featured_media":0,"parent":0,"menu_order":25,"comment_status":"closed","ping_status":"closed","template":"","meta":{"_cbd_carousel_blocks":"[]","ngg_post_thumbnail":0,"footnotes":""},"class_list":["post-3617","page","type-page","status-publish","hentry"],"_links":{"self":[{"href":"http:\/\/www.mv-dk.net\/wo\/wp-json\/wp\/v2\/pages\/3617","targetHints":{"allow":["GET"]}}],"collection":[{"href":"http:\/\/www.mv-dk.net\/wo\/wp-json\/wp\/v2\/pages"}],"about":[{"href":"http:\/\/www.mv-dk.net\/wo\/wp-json\/wp\/v2\/types\/page"}],"author":[{"embeddable":true,"href":"http:\/\/www.mv-dk.net\/wo\/wp-json\/wp\/v2\/users\/7"}],"replies":[{"embeddable":true,"href":"http:\/\/www.mv-dk.net\/wo\/wp-json\/wp\/v2\/comments?post=3617"}],"version-history":[{"count":8,"href":"http:\/\/www.mv-dk.net\/wo\/wp-json\/wp\/v2\/pages\/3617\/revisions"}],"predecessor-version":[{"id":4261,"href":"http:\/\/www.mv-dk.net\/wo\/wp-json\/wp\/v2\/pages\/3617\/revisions\/4261"}],"wp:attachment":[{"href":"http:\/\/www.mv-dk.net\/wo\/wp-json\/wp\/v2\/media?parent=3617"}],"curies":[{"name":"wp","href":"https:\/\/api.w.org\/{rel}","templated":true}]}}