{"id":1931,"date":"2012-11-26T10:13:41","date_gmt":"2012-11-26T08:13:41","guid":{"rendered":"http:\/\/www.mv-dk.net\/wo\/?page_id=1931"},"modified":"2018-02-24T13:42:15","modified_gmt":"2018-02-24T12:42:15","slug":"weblinks","status":"publish","type":"page","link":"http:\/\/www.mv-dk.net\/wo\/weblinks","title":{"rendered":"Weblinks"},"content":{"rendered":"<p><a href=\"https:\/\/www.facebook.com\/MV-Deutsch-Kaltenbrunn-900107650040396\/\"><img loading=\"lazy\" decoding=\"async\" class=\" wp-image-3478 alignleft\" src=\"http:\/\/www.mv-dk.net\/wo\/wp-content\/uploads\/2012\/07\/IMG_3301.png\" alt=\"img_3301\" width=\"125\" height=\"131\" \/>unseren aktuellen\u00a0Aktivit\u00e4ten\u00a0k\u00f6nnen Sie auch auf Facebook folgen<\/a><\/p>\n<p style=\"text-align: center;\"><a id=\"detail\" title=\"Bilddetails anzeigen\" href=\"https:\/\/www.facebook.com\/MV-Deutsch-Kaltenbrunn-900107650040396\/\"><img loading=\"lazy\" decoding=\"async\" src=\"http:\/\/tse1.mm.bing.net\/th?&amp;id=OIP.M8866ccd9b32167c363478fdef1a6474eo0&amp;w=300&amp;h=90&amp;c=0&amp;pid=1.9&amp;rs=0&amp;p=0&amp;r=0\" width=\"183\" height=\"55\" \/><\/a><\/p>\n<p>&nbsp;<\/p>\n<p>&nbsp;<\/p>\n<p><strong>G\u00f6nner &amp; Sponsoren<\/strong><\/p>\n<p>Wir bedanken uns herzlich bei allen unseren G\u00f6nnern &amp; Sponsoren ohne die das\u00a0Aufrechterhalten unseres Vereines und das Erreichen des Vereinszweckes wohl nur schwer m\u00f6glich w\u00e4ren!<\/p>\n<p>Stellvertretend dazu die Links zu zwei dieser besonderen G\u00f6nner:<\/p>\n<p><span style=\"color: #0000ff;\"><a href=\"http:\/\/www.mv-mogersdorf.at\" target=\"_blank\" rel=\"noopener\">\u00a0<\/a><a style=\"color: #0000ff;\" href=\"http:\/\/www.vm-wagner.at\" target=\"_blank\" rel=\"noopener\">VMW &#8211; Versicherungsagentur Kurt Wagner<\/a><\/span><\/p>\n<p><span style=\"color: #0000ff;\"><a style=\"color: #0000ff;\" href=\"http:\/\/www.strobl-dachundholz.at\" target=\"_blank\" rel=\"noopener\">Holzbau Strobl<\/a><\/span><\/p>\n<p>&nbsp;<\/p>\n<p><strong>Musikkapellen<\/strong><\/p>\n<p>Das wichtigste an der Musik ist, dass sie\u00a0Freude &amp;\u00a0Spa\u00df macht &#8211; und\u00a0das ist garantiert wenn befreundete Vereine gemeinsam bei Veranstaltungen unterwegs sind.<\/p>\n<p>Nachfolgend auszugsweise eine kurzer Auflistung davon:<\/p>\n<p><a href=\"http:\/\/www.mv-neusiedl.at\" target=\"_blank\" rel=\"noopener\">Musikverein Neusiedl b. G\u00fcssing<\/a><\/p>\n<p><a href=\"http:\/\/www.mv-stegersbach.at\">Musikverein Stegersbach<\/a><\/p>\n<p>&nbsp;<\/p>\n<p><a href=\"http:\/\/www.mv-rudersdorf.at\" target=\"_blank\" rel=\"noopener\">Marktmusik Rudersdorf<\/a><\/p>\n<p><a href=\"http:\/\/www.mv-heiligenkreuz.at\" target=\"_blank\" rel=\"noopener\">Musikverein Heiligenkreuz im Lafnitztal<\/a><\/p>\n<p><a href=\"http:\/\/www.stadtkapellejennersdorf.at\" target=\"_blank\" rel=\"noopener\">Stadtkapelle Jennersdorf<\/a><\/p>\n<p><a href=\"http:\/\/www.mv-krobotek.at\" target=\"_blank\" rel=\"noopener\">Musikverein Krobotek<\/a><\/p>\n<p><a href=\"http:\/\/www.mv-minihof-liebau.at\" target=\"_blank\" rel=\"noopener\">Musikverein Minihof Liebau<\/a><\/p>\n<p><a href=\"http:\/\/www.mv-stmartin.at\" target=\"_blank\" rel=\"noopener\">Musikverein St. Martin a.d. Raab<\/a><\/p>\n<p><a href=\"http:\/\/www.mv-mogersdorf.at\">Musikverein Mogersdorf<\/a><\/p>\n<p><a href=\"http:\/\/www.musikverein-neuhaus.at\" target=\"_blank\" rel=\"noopener\">Musikverein Neuhaus am Klausenbach<\/a><\/p>\n<p>&nbsp;<\/p>\n<p><a href=\"http:\/\/www.okunterrohr.at\">Ortskapelle Unterrohr<\/a><\/p>\n<p><a href=\"http:\/\/www.musikverein-schoelbing.at\">Musikverein Sch\u00f6lbing<\/a><\/p>\n<p>&nbsp;<\/p>\n<p><a href=\"http:\/\/www.tk-irschen.at\" target=\"_blank\" rel=\"noopener\">Trachtenkapelle Irschen<\/a><\/p>\n<p>&nbsp;<\/p>\n<p><span style=\"color: #0000ff;\">\u00a0<\/span><\/p>\n","protected":false},"excerpt":{"rendered":"<p>unseren aktuellen\u00a0Aktivit\u00e4ten\u00a0k\u00f6nnen Sie auch auf Facebook folgen &nbsp; &nbsp; G\u00f6nner &amp; Sponsoren Wir bedanken uns herzlich bei allen unseren G\u00f6nnern &amp; Sponsoren ohne die das\u00a0Aufrechterhalten unseres Vereines und das Erreichen des Vereinszweckes wohl nur schwer m\u00f6glich w\u00e4ren! Stellvertretend dazu die Links zu zwei dieser besonderen G\u00f6nner: \u00a0VMW &#8211; Versicherungsagentur Kurt Wagner Holzbau Strobl &nbsp; Musikkapellen [&hellip;]<\/p>\n","protected":false},"author":2,"featured_media":0,"parent":0,"menu_order":70,"comment_status":"closed","ping_status":"closed","template":"","meta":{"_cbd_carousel_blocks":"[]","ngg_post_thumbnail":0,"footnotes":""},"class_list":["post-1931","page","type-page","status-publish","hentry"],"_links":{"self":[{"href":"http:\/\/www.mv-dk.net\/wo\/wp-json\/wp\/v2\/pages\/1931","targetHints":{"allow":["GET"]}}],"collection":[{"href":"http:\/\/www.mv-dk.net\/wo\/wp-json\/wp\/v2\/pages"}],"about":[{"href":"http:\/\/www.mv-dk.net\/wo\/wp-json\/wp\/v2\/types\/page"}],"author":[{"embeddable":true,"href":"http:\/\/www.mv-dk.net\/wo\/wp-json\/wp\/v2\/users\/2"}],"replies":[{"embeddable":true,"href":"http:\/\/www.mv-dk.net\/wo\/wp-json\/wp\/v2\/comments?post=1931"}],"version-history":[{"count":15,"href":"http:\/\/www.mv-dk.net\/wo\/wp-json\/wp\/v2\/pages\/1931\/revisions"}],"predecessor-version":[{"id":4166,"href":"http:\/\/www.mv-dk.net\/wo\/wp-json\/wp\/v2\/pages\/1931\/revisions\/4166"}],"wp:attachment":[{"href":"http:\/\/www.mv-dk.net\/wo\/wp-json\/wp\/v2\/media?parent=1931"}],"curies":[{"name":"wp","href":"https:\/\/api.w.org\/{rel}","templated":true}]}}