{"id":1071,"date":"2012-07-24T17:15:14","date_gmt":"2012-07-24T15:15:14","guid":{"rendered":"http:\/\/www.mv-dk.net\/wo\/?page_id=1071"},"modified":"2018-05-29T10:06:17","modified_gmt":"2018-05-29T09:06:17","slug":"agb","status":"publish","type":"page","link":"http:\/\/www.mv-dk.net\/wo\/agb","title":{"rendered":"AGB"},"content":{"rendered":"<p><img loading=\"lazy\" decoding=\"async\" class=\"wp-image-3478 alignleft\" src=\"http:\/\/www.mv-dk.net\/wo\/wp-content\/uploads\/2012\/07\/IMG_3301.png\" alt=\"img_3301\" width=\"90\" height=\"94\" \/><\/p>\n<p style=\"text-align: right;\">Der Musikverein Deutsch Kaltenbrunn ist ein eingetragener Verein<\/p>\n<p style=\"text-align: right;\">und mit der ZVR-Zahl 559517754 beh\u00f6rdlich registriert.<\/p>\n<p>&nbsp;<\/p>\n<p><strong>Diensteanbieter, Autor und Gestalter:<\/strong><br \/>\nMusikverein Deutsch Kaltenbrunn<br \/>\nObfrau Ing. Bianca Wagner<br \/>\nGartensiedlung 44, 7572 Deutsch Kaltenbrunn<br \/>\n0043(0)664\/4450757\u00a0\u00a0\u00a0\u00a0\u00a0\u00a0\u00a0\u00a0\u00a0 obmann@mv-dk.net<br \/>\nwww.mv-dk.net<\/p>\n<p>&nbsp;<\/p>\n<p><strong>Offenlegung \u00a725 Mediengesetz:<\/strong><br \/>\nMedieninhaber und Herausgeber: Musikverein Deutsch Kaltenbrunn<br \/>\nGrundlegende Richtung: www.mv-dk.net ist eine private Webseite, die aktuelle Informationen \u00fcber den Verein und das Vereinsleben beinhaltet.<\/p>\n<p>&nbsp;<\/p>\n<hr \/>\n<p>&nbsp;<\/p>\n<p><span style=\"text-decoration: underline;\"><strong>Nutzungsbedingungen f\u00fcr die MV-DK Website<\/strong><\/span><\/p>\n<p><span style=\"text-decoration: underline;\">Nutzung der Website:<\/span><br \/>\nDer Musikverein Deutsch-Kaltenbrunn (nachfolgend &#8222;MVDK&#8220;) gestattet Ihnen das Einsehen und Herunterladen des Inhalts dieser Website nur zu privatem, nichtkommerziellem Gebrauch, vorausgesetzt, in jeder Kopie des Inhalts wird auf alle Urheber- und sonstigen Eigentumsrechte des urspr\u00fcnglichen Inhalts hingewiesen. Der Inhalt dieser Website darf in keiner Weise ver\u00e4ndert und nicht f\u00fcr offizielle oder kommerzielle Zwecke vervielf\u00e4ltigt oder \u00f6ffentlich gezeigt, vorgef\u00fchrt, verbreitet oder anderweitig genutzt werden. Im Sinne dieser Bedingungen ist jegliche Nutzung des Inhalts dieser Website auf allen anderen Websites beziehungsweise in Netzwerkumgebungen untersagt. Der Inhalt dieser Website ist urheberrechtlich gesch\u00fctzt. Jede unerlaubte Nutzung des Inhalts dieser Website kann gegen urheber-, warenzeichenrechtliche oder sonstige gesetzlichen Regelungen versto\u00dfen. Beim Versto\u00df gegen diese Bedingungen erlischt automatisch Ihre Berechtigung zur Nutzung dieser Website. In diesem Fall sind Sie verpflichtet, alle heruntergeladenen beziehungsweise gedruckten Inhalte unverz\u00fcglich zu vernichten.<\/p>\n<p><span style=\"text-decoration: underline;\">Benutzerforen und G\u00e4steb\u00fccher:<\/span><br \/>\nDer MVDK beh\u00e4lt sich das Recht vor, ist jedoch nicht verpflichtet, beliebige Bereiche der Website, auf die Benutzer Informationen \u00fcbertragen beziehungsweise in denen sie miteinander kommunizieren, einschlie\u00dflich, jedoch nicht beschr\u00e4nkt auf die Benutzerforen und G\u00e4steb\u00fccher, sowie den Inhalt solcher \u00dcbertragungen zu \u00fcberwachen beziehungsweise zu \u00fcberpr\u00fcfen. Der MVDK \u00fcbernimmt keinerlei Haftung f\u00fcr den Inhalt solcher \u00dcbertragungen, gleich aus welchem Rechtsgrund (Urheberrecht, Verleumdung, Datenschutz, Obsz\u00f6nit\u00e4t oder sonstiges).<br \/>\nDer MVDK beh\u00e4lt sich das Recht vor, \u00dcbertragungen mit beleidigendem, diffamierendem, obsz\u00f6nem oder anderweitig inakzeptablem Inhalt zu entfernen.<\/p>\n<p><span style=\"text-decoration: underline;\">Verkn\u00fcpfungen mit anderen Websites:<\/span><br \/>\nAuf dieser Website enthaltene Verkn\u00fcpfungen mit Websites anderer Unternehmen werden lediglich aus praktischen Erw\u00e4gungen f\u00fcr den Benutzer bereitgestellt. Wenn Sie eine solche Verkn\u00fcpfung benutzen, verlassen Sie die MVDK Website. Der MVDK \u00fcbernimmt keine Verantwortung f\u00fcr diese Websites und deren Inhalt. Der Zugriff auf eine Website anderer Unternehmen \u00fcber eine Verkn\u00fcpfung auf dieser Website erfolgt auf alleinige Verantwortung des Benutzers. F\u00fcr Inhalte auf verlinkten Websites haftet alleinig deren Betreiber.<\/p>\n<p><span style=\"text-decoration: underline;\">Gew\u00e4hrleistungsausschluss:<\/span><br \/>\nDer Inhalt dieser Website wird unter Ausschuss jeglicher Gew\u00e4hrleistung zur Verf\u00fcgung gestellt, einschliesslich der Gew\u00e4hrleistung f\u00fcr die Handels\u00fcblichkeit, die Eignung f\u00fcr einen bestimmten Zweck oder die Nichtverletzung von Rechten an geistigem Eigentum. Weiterhin \u00fcbernimmt der MVDK keine Gew\u00e4hrleistung f\u00fcr die Richtigkeit und Vollst\u00e4ndigkeit des Inhalts dieser Website. Der MVDK kann jederzeit ohne vorherige Ank\u00fcndigung \u00c4nderungen am Inhalt dieser Website\u00a0vornehmen. Der Inhalt dieser Website entspricht m\u00f6glicherweise nicht mehr dem neuesten Stand. Der MVDK ist nicht zur Aktualisierung des Inhalts dieser Website verpflichtet.<\/p>\n<p>.<br \/>\n<span style=\"text-decoration: underline;\">Haftungsbeschr\u00e4nkung:<\/span><br \/>\nDer MVDK \u00fcbernimmt keinerlei Haftung f\u00fcr irgendwelche Sch\u00e4den (einschliesslich und ohne Einschr\u00e4nkungen solcher Sch\u00e4den, die aus entgangenem Gewinn, Datenverlust oder Gesch\u00e4ftsausfall entstehen), die sich aus der Nutzung , der Unm\u00f6glichkeit der Nutzung oder den Ergebnissen der Nutzung dieser Website, aller \u00fcber Verkn\u00fcpfungen auf dieser Website\u00a0aufzurufenden Websites oder des Inhalts beliebiger oder aller dieser Websites ergeben. Dies gilt unabh\u00e4ngig davon, ob sich das Problem aus der Gew\u00e4hrleistung, dem Vertrag, unerlaubter Handlung oder anderer rechtlicher\u00a0Umst\u00e4nde ergibt und ob die M\u00f6glichkeit solcher Sch\u00e4den bekannt war. Falls die Nutzung des Inhalts dieser Website\u00a0dazu f\u00fchrt, da\u00df Ger\u00e4te oder Daten gewartet, repariert oder korrigiert werden m\u00fcssen, sind alle Kosten vom Benutzer zu tragen.<\/p>\n<p><em>Stand: Mai 2018<\/em><\/p>\n","protected":false},"excerpt":{"rendered":"<p>Der Musikverein Deutsch Kaltenbrunn ist ein eingetragener Verein und mit der ZVR-Zahl 559517754 beh\u00f6rdlich registriert. &nbsp; Diensteanbieter, Autor und Gestalter: Musikverein Deutsch Kaltenbrunn Obfrau Ing. Bianca Wagner Gartensiedlung 44, 7572 Deutsch Kaltenbrunn 0043(0)664\/4450757\u00a0\u00a0\u00a0\u00a0\u00a0\u00a0\u00a0\u00a0\u00a0 obmann@mv-dk.net www.mv-dk.net &nbsp; Offenlegung \u00a725 Mediengesetz: Medieninhaber und Herausgeber: Musikverein Deutsch Kaltenbrunn Grundlegende Richtung: www.mv-dk.net ist eine private Webseite, die aktuelle Informationen [&hellip;]<\/p>\n","protected":false},"author":2,"featured_media":0,"parent":0,"menu_order":90,"comment_status":"closed","ping_status":"open","template":"","meta":{"_cbd_carousel_blocks":"[]","ngg_post_thumbnail":0,"footnotes":""},"class_list":["post-1071","page","type-page","status-publish","hentry"],"_links":{"self":[{"href":"http:\/\/www.mv-dk.net\/wo\/wp-json\/wp\/v2\/pages\/1071","targetHints":{"allow":["GET"]}}],"collection":[{"href":"http:\/\/www.mv-dk.net\/wo\/wp-json\/wp\/v2\/pages"}],"about":[{"href":"http:\/\/www.mv-dk.net\/wo\/wp-json\/wp\/v2\/types\/page"}],"author":[{"embeddable":true,"href":"http:\/\/www.mv-dk.net\/wo\/wp-json\/wp\/v2\/users\/2"}],"replies":[{"embeddable":true,"href":"http:\/\/www.mv-dk.net\/wo\/wp-json\/wp\/v2\/comments?post=1071"}],"version-history":[{"count":13,"href":"http:\/\/www.mv-dk.net\/wo\/wp-json\/wp\/v2\/pages\/1071\/revisions"}],"predecessor-version":[{"id":4289,"href":"http:\/\/www.mv-dk.net\/wo\/wp-json\/wp\/v2\/pages\/1071\/revisions\/4289"}],"wp:attachment":[{"href":"http:\/\/www.mv-dk.net\/wo\/wp-json\/wp\/v2\/media?parent=1071"}],"curies":[{"name":"wp","href":"https:\/\/api.w.org\/{rel}","templated":true}]}}